{"id":2727,"date":"2020-05-22T09:27:20","date_gmt":"2020-05-22T08:27:20","guid":{"rendered":"https:\/\/www.nivianhome.com\/?page_id=2727"},"modified":"2025-12-18T13:27:19","modified_gmt":"2025-12-18T12:27:19","slug":"contacto","status":"publish","type":"page","link":"https:\/\/www.nivianhome.com\/es\/contacto\/","title":{"rendered":"Contacto"},"content":{"rendered":"\t\t<div data-elementor-type=\"wp-page\" data-elementor-id=\"2727\" class=\"elementor elementor-2727\" data-elementor-post-type=\"page\">\n\t\t\t\t\t\t<section class=\"has_ae_slider elementor-section elementor-top-section elementor-element elementor-element-4503c25 elementor-section-boxed elementor-section-height-default elementor-section-height-default ae-bg-gallery-type-default\" data-id=\"4503c25\" data-element_type=\"section\" data-e-type=\"section\">\n\t\t\t\t\t\t<div class=\"elementor-container elementor-column-gap-wider\">\n\t\t\t\t\t<div class=\"has_ae_slider elementor-column elementor-col-50 elementor-top-column elementor-element elementor-element-d9db9eb ae-bg-gallery-type-default\" data-id=\"d9db9eb\" data-element_type=\"column\" data-e-type=\"column\">\n\t\t\t<div class=\"elementor-widget-wrap elementor-element-populated\">\n\t\t\t\t\t\t<div class=\"elementor-element elementor-element-90a0d63 elementor-view-default elementor-widget elementor-widget-icon\" data-id=\"90a0d63\" data-element_type=\"widget\" data-e-type=\"widget\" data-widget_type=\"icon.default\">\n\t\t\t\t<div class=\"elementor-widget-container\">\n\t\t\t\t\t\t\t<div class=\"elementor-icon-wrapper\">\n\t\t\t<div class=\"elementor-icon\">\n\t\t\t<svg xmlns=\"http:\/\/www.w3.org\/2000\/svg\" viewBox=\"0 0 66.13 63.08\"><defs><style>.cls-1{fill:#f67719;fill-rule:evenodd;}<\/style><\/defs><title>contact_1<\/title><g id=\"Capa_2\" data-name=\"Capa 2\"><g id=\"formulario\"><path class=\"cls-1\" d=\"M9.44,46.85c0-1.78.06-3.57,0-5.35A2.46,2.46,0,0,0,8.55,40c-6-4.89-9.32-11-8.4-18.84C.84,15.25,4,10.64,8.59,7A33.41,33.41,0,0,1,24.6.41a36.86,36.86,0,0,1,16,1.09C46.72,3.31,52.11,6.44,56,11.68a18.63,18.63,0,0,1,3.78,14.86c-1.07,6.09-4.46,10.62-9.35,14.14A33.69,33.69,0,0,1,31,46.9a38.1,38.1,0,0,1-10.89-1.25,2.08,2.08,0,0,0-1.66.54c-2.41,2.32-4.74,4.74-7.13,7.07a1.47,1.47,0,0,1-1.23.34,1.42,1.42,0,0,1-.61-1.08c-.06-1.89,0-3.78,0-5.67Zm1.89,3.43a7.45,7.45,0,0,0,1-.69c1.78-1.74,3.58-3.47,5.31-5.26A2.16,2.16,0,0,1,20,43.72a38.26,38.26,0,0,0,5.85,1.22c6.83.61,13.46-.17,19.66-3.33,4.72-2.41,8.63-5.71,11-10.54C59.77,24.2,58.57,17.79,53.94,12A25.61,25.61,0,0,0,43.08,4.27a35.11,35.11,0,0,0-18.48-2C17.74,3.26,11.7,6,6.9,11.1a17.64,17.64,0,0,0-5,10.4C1.15,29,4.63,34.54,10.28,39a2.14,2.14,0,0,1,1,1.92c0,2.72,0,5.43,0,8.14C11.25,49.36,11.29,49.7,11.33,50.28Z\"><\/path><path class=\"cls-1\" d=\"M56.57,59.52a38.82,38.82,0,0,0,0-4.45c-.28-2.52.6-4.13,2.61-5.85a13.93,13.93,0,0,0,5-13A13.22,13.22,0,0,0,61.58,30c-.15-.2-.4-.39-.43-.61-.06-.5-.22-1.23,0-1.49.49-.5,1-.06,1.4.44a15.57,15.57,0,0,1,2.29,16c-1.18,3-3.34,5.25-5.65,7.4a2.76,2.76,0,0,0-.82,1.69c-.08,2.68,0,5.35,0,8A2,2,0,0,1,57.86,63c-.64.41-1.11-.2-1.58-.69-1.8-1.83-3.62-3.64-5.48-5.4a1.52,1.52,0,0,0-1.21-.37,31.33,31.33,0,0,1-14.38.38A27,27,0,0,1,22.36,50.5a3.43,3.43,0,0,1-1-1.09,5,5,0,0,1-.06-1.55c.47.11,1.11.06,1.39.35a24.1,24.1,0,0,0,13,7,28,28,0,0,0,13.95-.59,1.72,1.72,0,0,1,1.93.45c1.29,1.33,2.61,2.64,3.92,3.95.24.24.52.45.78.67Z\"><\/path><path class=\"cls-1\" d=\"M29.94,17.56H45.77a3.77,3.77,0,0,1,1.17.06c.3.11.75.47.74.68a1.8,1.8,0,0,1-.64,1c-.15.13-.48.08-.73.08q-16.26,0-32.52,0a1.92,1.92,0,0,1-1-.16,1.08,1.08,0,0,1-.4-.88,1,1,0,0,1,.68-.63,16.79,16.79,0,0,1,2.13-.08Z\"><\/path><path class=\"cls-1\" d=\"M23.09,29.36c-3.1,0-6.21,0-9.31,0a1.78,1.78,0,0,1-.84-.06c-.27-.16-.6-.47-.61-.73a1,1,0,0,1,.52-.78,4.22,4.22,0,0,1,1.47-.19q8.94,0,17.88,0a4.7,4.7,0,0,1,.53,0c.6.05,1.21.16,1.16.94s-.67.8-1.27.8H23.09Z\"><\/path><\/g><\/g><\/svg>\t\t\t<\/div>\n\t\t<\/div>\n\t\t\t\t\t\t<\/div>\n\t\t\t\t<\/div>\n\t\t\t\t<div class=\"elementor-element elementor-element-05ade3c elementor-widget elementor-widget-heading\" data-id=\"05ade3c\" data-element_type=\"widget\" data-e-type=\"widget\" data-widget_type=\"heading.default\">\n\t\t\t\t<div class=\"elementor-widget-container\">\n\t\t\t\t\t<h2 class=\"elementor-heading-title elementor-size-default\">Contacta con nosotros<\/h2>\t\t\t\t<\/div>\n\t\t\t\t<\/div>\n\t\t\t\t<div class=\"elementor-element elementor-element-88ac4c8 elementor-widget elementor-widget-text-editor\" data-id=\"88ac4c8\" data-element_type=\"widget\" data-e-type=\"widget\" data-widget_type=\"text-editor.default\">\n\t\t\t\t<div class=\"elementor-widget-container\">\n\t\t\t\t\t\t\t\t\t<p style=\"text-align: left;\">Para preguntarnos acerca de tu producto Nivian o enviarnos feedbacks y\/o comentarios simplemente cumplimenta el siguiente formulario y el equipo de Nivian se pondr\u00e1 en contacto contigo para tratar tu consulta.<\/p>\t\t\t\t\t\t\t\t<\/div>\n\t\t\t\t<\/div>\n\t\t\t\t<div class=\"elementor-element elementor-element-0a29dc3 elementor-position-inline-start elementor-view-default elementor-mobile-position-block-start elementor-widget elementor-widget-icon-box\" data-id=\"0a29dc3\" data-element_type=\"widget\" data-e-type=\"widget\" data-no-translation=\"\" data-widget_type=\"icon-box.default\">\n\t\t\t\t<div class=\"elementor-widget-container\">\n\t\t\t\t\t\t\t<div class=\"elementor-icon-box-wrapper\">\n\n\t\t\t\t\t\t<div class=\"elementor-icon-box-icon\">\n\t\t\t\t<a href=\"tel:910783690\" class=\"elementor-icon\" tabindex=\"-1\" aria-label=\"910783690\">\n\t\t\t\t<svg xmlns=\"http:\/\/www.w3.org\/2000\/svg\" id=\"Capa_2\" data-name=\"Capa 2\" width=\"632.03\" height=\"632.03\" viewBox=\"0 0 632.03 632.03\"><defs><style>      .cls-1 {        fill: #f67719;      }    <\/style><\/defs><g id=\"b\"><path class=\"cls-1\" d=\"m573.14,632.03c-1.75,0-3.5-.08-5.25-.23-73.87-6.53-145.2-25.9-212.02-57.58-64.95-30.79-123.75-72.28-174.77-123.3-51.02-51.02-92.5-109.82-123.3-174.77C26.13,209.34,6.76,138,.23,64.14-1.23,47.56,4.33,31.07,15.49,18.87,26.63,6.7,41.85,0,58.35,0h115.15c29.59,0,54.21,21.71,57.26,50.5,2.57,24.23,7.41,48.3,14.38,71.56h0c9.48,31.62.74,65.9-22.83,89.46l-44.85,44.86c46.45,83.41,114.78,151.75,198.2,198.2l44.85-44.85c23.57-23.56,57.84-32.31,89.46-22.83,23.25,6.98,47.33,11.82,71.56,14.38,14.94,1.58,27.59,8.86,36.6,21.03,9.09,12.29,13.9,29.17,13.9,48.81v102.66c0,16.47-6.69,31.66-18.83,42.78-10.91,9.98-25.27,15.49-40.06,15.49ZM58.35,16.67c-11.76,0-22.62,4.78-30.57,13.46-8.01,8.75-12,20.61-10.95,32.54,25.99,294.16,258.36,526.53,552.53,552.53,11.95,1.05,23.83-2.93,32.59-10.95,8.65-7.92,13.42-18.75,13.42-30.48v-102.66c0-30.53-13.64-50.94-35.59-53.27-25.25-2.68-50.35-7.72-74.59-14.99-25.73-7.72-53.66-.57-72.89,18.65l-49.28,49.28c-2.61,2.61-6.62,3.19-9.86,1.44-90.56-49.01-164.33-122.79-213.34-213.34-1.75-3.24-1.17-7.25,1.44-9.86l49.28-49.28c19.22-19.22,26.37-47.15,18.65-72.88h0c-7.27-24.24-12.32-49.33-14.99-74.59-2.15-20.29-19.64-35.59-40.69-35.59H58.35Z\"><\/path><\/g><\/svg>\t\t\t\t<\/a>\n\t\t\t<\/div>\n\t\t\t\n\t\t\t\t\t\t<div class=\"elementor-icon-box-content\">\n\n\t\t\t\t\t\t\t\t\t<h3 class=\"elementor-icon-box-title\">\n\t\t\t\t\t\t<a href=\"tel:910783690\" >\n\t\t\t\t\t\t\t910783690\t\t\t\t\t\t<\/a>\n\t\t\t\t\t<\/h3>\n\t\t\t\t\n\t\t\t\t\t\t\t\t\t<p class=\"elementor-icon-box-description\">\n\t\t\t\t\t\tSoporte t\u00e9cnico telef\u00f3nico\t\t\t\t\t<\/p>\n\t\t\t\t\n\t\t\t<\/div>\n\t\t\t\n\t\t<\/div>\n\t\t\t\t\t\t<\/div>\n\t\t\t\t<\/div>\n\t\t\t\t\t<\/div>\n\t\t<\/div>\n\t\t\t\t<div class=\"has_ae_slider elementor-column elementor-col-50 elementor-top-column elementor-element elementor-element-b3b1009 ae-bg-gallery-type-default\" data-id=\"b3b1009\" data-element_type=\"column\" data-e-type=\"column\" data-settings=\"{&quot;background_background&quot;:&quot;classic&quot;}\">\n\t\t\t<div class=\"elementor-widget-wrap elementor-element-populated\">\n\t\t\t\t\t\t<div class=\"elementor-element elementor-element-72df8c7 elementor-button-align-stretch elementor-widget elementor-widget-form\" data-id=\"72df8c7\" data-element_type=\"widget\" data-e-type=\"widget\" data-settings=\"{&quot;button_width&quot;:&quot;25&quot;,&quot;step_next_label&quot;:&quot;Siguiente&quot;,&quot;step_previous_label&quot;:&quot;Anterior&quot;,&quot;step_type&quot;:&quot;number_text&quot;,&quot;step_icon_shape&quot;:&quot;circle&quot;}\" data-widget_type=\"form.default\">\n\t\t\t\t<div class=\"elementor-widget-container\">\n\t\t\t\t\t\t\t<form class=\"elementor-form\" method=\"post\" name=\"Contacto\" aria-label=\"Contacto\">\n\t\t\t<input type=\"hidden\" name=\"post_id\" value=\"2727\"\/>\n\t\t\t<input type=\"hidden\" name=\"form_id\" value=\"72df8c7\"\/>\n\t\t\t<input type=\"hidden\" name=\"referer_title\" value=\"Nivian\" \/>\n\n\t\t\t\n\t\t\t<div class=\"elementor-form-fields-wrapper elementor-labels-\">\n\t\t\t\t\t\t\t\t<div class=\"elementor-field-type-text elementor-field-group elementor-column elementor-field-group-name elementor-col-100 elementor-field-required\">\n\t\t\t\t\t\t\t\t\t\t\t\t<label for=\"form-field-name\" class=\"elementor-field-label elementor-screen-only\">\n\t\t\t\t\t\t\t\tNombre\t\t\t\t\t\t\t<\/label>\n\t\t\t\t\t\t\t\t\t\t\t\t\t\t<input size=\"1\" type=\"text\" name=\"form_fields[name]\" id=\"form-field-name\" class=\"elementor-field elementor-size-md  elementor-field-textual\" placeholder=\"Nombre\" required=\"required\">\n\t\t\t\t\t\t\t\t\t\t\t<\/div>\n\t\t\t\t\t\t\t\t<div class=\"elementor-field-type-email elementor-field-group elementor-column elementor-field-group-email elementor-col-100 elementor-field-required\">\n\t\t\t\t\t\t\t\t\t\t\t\t<label for=\"form-field-email\" class=\"elementor-field-label elementor-screen-only\">\n\t\t\t\t\t\t\t\tEmail\t\t\t\t\t\t\t<\/label>\n\t\t\t\t\t\t\t\t\t\t\t\t\t\t<input size=\"1\" type=\"email\" name=\"form_fields[email]\" id=\"form-field-email\" class=\"elementor-field elementor-size-md  elementor-field-textual\" placeholder=\"Email\" required=\"required\">\n\t\t\t\t\t\t\t\t\t\t\t<\/div>\n\t\t\t\t\t\t\t\t<div class=\"elementor-field-type-text elementor-field-group elementor-column elementor-field-group-subject elementor-col-100 elementor-field-required\">\n\t\t\t\t\t\t\t\t\t\t\t\t<label for=\"form-field-subject\" class=\"elementor-field-label elementor-screen-only\">\n\t\t\t\t\t\t\t\tAsunto\t\t\t\t\t\t\t<\/label>\n\t\t\t\t\t\t\t\t\t\t\t\t\t\t<input size=\"1\" type=\"text\" name=\"form_fields[subject]\" id=\"form-field-subject\" class=\"elementor-field elementor-size-md  elementor-field-textual\" placeholder=\"Asunto\" required=\"required\">\n\t\t\t\t\t\t\t\t\t\t\t<\/div>\n\t\t\t\t\t\t\t\t<div class=\"elementor-field-type-select elementor-field-group elementor-column elementor-field-group-tipo_consulta elementor-col-100 elementor-field-required\">\n\t\t\t\t\t\t\t\t\t\t\t\t<label for=\"form-field-tipo_consulta\" class=\"elementor-field-label elementor-screen-only\">\n\t\t\t\t\t\t\t\tTipo de consulta\t\t\t\t\t\t\t<\/label>\n\t\t\t\t\t\t\t\t<div class=\"elementor-field elementor-select-wrapper remove-before \">\n\t\t\t<div class=\"select-caret-down-wrapper\">\n\t\t\t\t<i aria-hidden=\"true\" class=\"eicon-caret-down\"><\/i>\t\t\t<\/div>\n\t\t\t<select name=\"form_fields[tipo_consulta]\" id=\"form-field-tipo_consulta\" class=\"elementor-field-textual elementor-size-md\" required=\"required\">\n\t\t\t\t\t\t\t\t\t<option value=\"support@nivianhome.com\">Soporte t\u00e9cnico<\/option>\n\t\t\t\t\t\t\t\t\t<option value=\"orders@nivianhome.com\">Contacto comercial<\/option>\n\t\t\t\t\t\t\t\t\t<option value=\"orders@nivianhome.com\">Otros<\/option>\n\t\t\t\t\t\t\t<\/select>\n\t\t<\/div>\n\t\t\t\t\t\t<\/div>\n\t\t\t\t\t\t\t\t<div class=\"elementor-field-type-textarea elementor-field-group elementor-column elementor-field-group-message elementor-col-100 elementor-field-required\">\n\t\t\t\t\t\t\t\t\t\t\t\t<label for=\"form-field-message\" class=\"elementor-field-label elementor-screen-only\">\n\t\t\t\t\t\t\t\tMensaje\t\t\t\t\t\t\t<\/label>\n\t\t\t\t\t\t<textarea class=\"elementor-field-textual elementor-field  elementor-size-md\" name=\"form_fields[message]\" id=\"form-field-message\" rows=\"4\" placeholder=\"Mensaje\" required=\"required\"><\/textarea>\t\t\t\t<\/div>\n\t\t\t\t\t\t\t\t<div class=\"elementor-field-group elementor-column elementor-field-type-submit elementor-col-25 e-form__buttons\">\n\t\t\t\t\t<button class=\"elementor-button elementor-size-sm elementor-animation-grow\" type=\"submit\">\n\t\t\t\t\t\t<span class=\"elementor-button-content-wrapper\">\n\t\t\t\t\t\t\t\t\t\t\t\t\t\t\t\t\t\t\t\t\t\t<span class=\"elementor-button-text\">Enviar<\/span>\n\t\t\t\t\t\t\t\t\t\t\t\t\t<\/span>\n\t\t\t\t\t<\/button>\n\t\t\t\t<\/div>\n\t\t\t<\/div>\n\t\t<\/form>\n\t\t\t\t\t\t<\/div>\n\t\t\t\t<\/div>\n\t\t\t\t\t<\/div>\n\t\t<\/div>\n\t\t\t\t\t<\/div>\n\t\t<\/section>\n\t\t\t\t<\/div>\n\t\t","protected":false},"excerpt":{"rendered":"<p>contact_1 Contacta con nosotros Para preguntarnos acerca de tu producto Nivian o enviarnos feedbacks y\/o comentarios simplemente cumplimenta el siguiente formulario y el equipo de Nivian se pondr\u00e1 en contacto contigo para tratar tu consulta. 910783690 Soporte t\u00e9cnico telef\u00f3nico<\/p>\n","protected":false},"author":1,"featured_media":0,"parent":0,"menu_order":0,"comment_status":"closed","ping_status":"closed","template":"","meta":{"_acf_changed":false,"inline_featured_image":false,"site-sidebar-layout":"no-sidebar","site-content-layout":"page-builder","ast-site-content-layout":"default","site-content-style":"default","site-sidebar-style":"default","ast-global-header-display":"","ast-banner-title-visibility":"","ast-main-header-display":"","ast-hfb-above-header-display":"","ast-hfb-below-header-display":"","ast-hfb-mobile-header-display":"","site-post-title":"disabled","ast-breadcrumbs-content":"","ast-featured-img":"disabled","footer-sml-layout":"","ast-disable-related-posts":"","theme-transparent-header-meta":"default","adv-header-id-meta":"","stick-header-meta":"default","header-above-stick-meta":"","header-main-stick-meta":"","header-below-stick-meta":"","astra-migrate-meta-layouts":"default","ast-page-background-enabled":"default","ast-page-background-meta":{"desktop":{"background-color":"","background-image":"","background-repeat":"repeat","background-position":"center center","background-size":"auto","background-attachment":"scroll","background-type":"","background-media":"","overlay-type":"","overlay-color":"","overlay-opacity":"","overlay-gradient":""},"tablet":{"background-color":"","background-image":"","background-repeat":"repeat","background-position":"center center","background-size":"auto","background-attachment":"scroll","background-type":"","background-media":"","overlay-type":"","overlay-color":"","overlay-opacity":"","overlay-gradient":""},"mobile":{"background-color":"","background-image":"","background-repeat":"repeat","background-position":"center center","background-size":"auto","background-attachment":"scroll","background-type":"","background-media":"","overlay-type":"","overlay-color":"","overlay-opacity":"","overlay-gradient":""}},"ast-content-background-meta":{"desktop":{"background-color":"var(--ast-global-color-5)","background-image":"","background-repeat":"repeat","background-position":"center center","background-size":"auto","background-attachment":"scroll","background-type":"","background-media":"","overlay-type":"","overlay-color":"","overlay-opacity":"","overlay-gradient":""},"tablet":{"background-color":"var(--ast-global-color-5)","background-image":"","background-repeat":"repeat","background-position":"center center","background-size":"auto","background-attachment":"scroll","background-type":"","background-media":"","overlay-type":"","overlay-color":"","overlay-opacity":"","overlay-gradient":""},"mobile":{"background-color":"var(--ast-global-color-5)","background-image":"","background-repeat":"repeat","background-position":"center center","background-size":"auto","background-attachment":"scroll","background-type":"","background-media":"","overlay-type":"","overlay-color":"","overlay-opacity":"","overlay-gradient":""}},"footnotes":""},"class_list":["post-2727","page","type-page","status-publish","hentry"],"acf":[],"yoast_head":"<!-- This site is optimized with the Yoast SEO plugin v27.3 - https:\/\/yoast.com\/product\/yoast-seo-wordpress\/ -->\n<title>Contacto - Nivian<\/title>\n<meta name=\"robots\" content=\"index, follow, max-snippet:-1, max-image-preview:large, max-video-preview:-1\" \/>\n<link rel=\"canonical\" href=\"https:\/\/www.nivianhome.com\/es\/contacto\/\" \/>\n<meta property=\"og:locale\" content=\"es_ES\" \/>\n<meta property=\"og:type\" content=\"article\" \/>\n<meta property=\"og:title\" content=\"Contacto - Nivian\" \/>\n<meta property=\"og:description\" content=\"contact_1 Contacta con nosotros Para preguntarnos acerca de tu producto Nivian o enviarnos feedbacks y\/o comentarios simplemente cumplimenta el siguiente formulario y el equipo de Nivian se pondr\u00e1 en contacto contigo para tratar tu consulta. 910783690 Soporte t\u00e9cnico telef\u00f3nico\" \/>\n<meta property=\"og:url\" content=\"https:\/\/www.nivianhome.com\/es\/contacto\/\" \/>\n<meta property=\"og:site_name\" content=\"Nivian\" \/>\n<meta property=\"article:modified_time\" content=\"2025-12-18T12:27:19+00:00\" \/>\n<meta name=\"twitter:card\" content=\"summary_large_image\" \/>\n<meta name=\"twitter:label1\" content=\"Tiempo de lectura\" \/>\n\t<meta name=\"twitter:data1\" content=\"1 minuto\" \/>\n<script type=\"application\/ld+json\" class=\"yoast-schema-graph\">{\"@context\":\"https:\\\/\\\/schema.org\",\"@graph\":[{\"@type\":\"WebPage\",\"@id\":\"https:\\\/\\\/www.nivianhome.com\\\/contacto\\\/\",\"url\":\"https:\\\/\\\/www.nivianhome.com\\\/contacto\\\/\",\"name\":\"Contacto - Nivian\",\"isPartOf\":{\"@id\":\"https:\\\/\\\/www.nivianhome.com\\\/es\\\/#website\"},\"datePublished\":\"2020-05-22T08:27:20+00:00\",\"dateModified\":\"2025-12-18T12:27:19+00:00\",\"breadcrumb\":{\"@id\":\"https:\\\/\\\/www.nivianhome.com\\\/contacto\\\/#breadcrumb\"},\"inLanguage\":\"es\",\"potentialAction\":[{\"@type\":\"ReadAction\",\"target\":[\"https:\\\/\\\/www.nivianhome.com\\\/contacto\\\/\"]}]},{\"@type\":\"BreadcrumbList\",\"@id\":\"https:\\\/\\\/www.nivianhome.com\\\/contacto\\\/#breadcrumb\",\"itemListElement\":[{\"@type\":\"ListItem\",\"position\":1,\"name\":\"Home\",\"item\":\"https:\\\/\\\/www.nivianhome.com\\\/es\\\/\"},{\"@type\":\"ListItem\",\"position\":2,\"name\":\"Contacto\"}]},{\"@type\":\"WebSite\",\"@id\":\"https:\\\/\\\/www.nivianhome.com\\\/es\\\/#website\",\"url\":\"https:\\\/\\\/www.nivianhome.com\\\/es\\\/\",\"name\":\"Nivian\",\"description\":\"Nivian Description\",\"publisher\":{\"@id\":\"https:\\\/\\\/www.nivianhome.com\\\/es\\\/#organization\"},\"potentialAction\":[{\"@type\":\"SearchAction\",\"target\":{\"@type\":\"EntryPoint\",\"urlTemplate\":\"https:\\\/\\\/www.nivianhome.com\\\/es\\\/?s={search_term_string}\"},\"query-input\":{\"@type\":\"PropertyValueSpecification\",\"valueRequired\":true,\"valueName\":\"search_term_string\"}}],\"inLanguage\":\"es\"},{\"@type\":\"Organization\",\"@id\":\"https:\\\/\\\/www.nivianhome.com\\\/es\\\/#organization\",\"name\":\"Nivian\",\"url\":\"https:\\\/\\\/www.nivianhome.com\\\/es\\\/\",\"logo\":{\"@type\":\"ImageObject\",\"inLanguage\":\"es\",\"@id\":\"https:\\\/\\\/www.nivianhome.com\\\/es\\\/#\\\/schema\\\/logo\\\/image\\\/\",\"url\":\"https:\\\/\\\/www.nivianhome.com\\\/wp-content\\\/uploads\\\/2020\\\/08\\\/cropped-logo-firma.png\",\"contentUrl\":\"https:\\\/\\\/www.nivianhome.com\\\/wp-content\\\/uploads\\\/2020\\\/08\\\/cropped-logo-firma.png\",\"width\":179,\"height\":59,\"caption\":\"Nivian\"},\"image\":{\"@id\":\"https:\\\/\\\/www.nivianhome.com\\\/es\\\/#\\\/schema\\\/logo\\\/image\\\/\"}}]}<\/script>\n<!-- \/ Yoast SEO plugin. -->","yoast_head_json":{"title":"Contacto - Nivian","robots":{"index":"index","follow":"follow","max-snippet":"max-snippet:-1","max-image-preview":"max-image-preview:large","max-video-preview":"max-video-preview:-1"},"canonical":"https:\/\/www.nivianhome.com\/es\/contacto\/","og_locale":"es_ES","og_type":"article","og_title":"Contacto - Nivian","og_description":"contact_1 Contacta con nosotros Para preguntarnos acerca de tu producto Nivian o enviarnos feedbacks y\/o comentarios simplemente cumplimenta el siguiente formulario y el equipo de Nivian se pondr\u00e1 en contacto contigo para tratar tu consulta. 910783690 Soporte t\u00e9cnico telef\u00f3nico","og_url":"https:\/\/www.nivianhome.com\/es\/contacto\/","og_site_name":"Nivian","article_modified_time":"2025-12-18T12:27:19+00:00","twitter_card":"summary_large_image","twitter_misc":{"Tiempo de lectura":"1 minuto"},"schema":{"@context":"https:\/\/schema.org","@graph":[{"@type":"WebPage","@id":"https:\/\/www.nivianhome.com\/contacto\/","url":"https:\/\/www.nivianhome.com\/contacto\/","name":"Contacto - Nivian","isPartOf":{"@id":"https:\/\/www.nivianhome.com\/es\/#website"},"datePublished":"2020-05-22T08:27:20+00:00","dateModified":"2025-12-18T12:27:19+00:00","breadcrumb":{"@id":"https:\/\/www.nivianhome.com\/contacto\/#breadcrumb"},"inLanguage":"es","potentialAction":[{"@type":"ReadAction","target":["https:\/\/www.nivianhome.com\/contacto\/"]}]},{"@type":"BreadcrumbList","@id":"https:\/\/www.nivianhome.com\/contacto\/#breadcrumb","itemListElement":[{"@type":"ListItem","position":1,"name":"Home","item":"https:\/\/www.nivianhome.com\/es\/"},{"@type":"ListItem","position":2,"name":"Contacto"}]},{"@type":"WebSite","@id":"https:\/\/www.nivianhome.com\/es\/#website","url":"https:\/\/www.nivianhome.com\/es\/","name":"Nivian","description":"Nivian Description","publisher":{"@id":"https:\/\/www.nivianhome.com\/es\/#organization"},"potentialAction":[{"@type":"SearchAction","target":{"@type":"EntryPoint","urlTemplate":"https:\/\/www.nivianhome.com\/es\/?s={search_term_string}"},"query-input":{"@type":"PropertyValueSpecification","valueRequired":true,"valueName":"search_term_string"}}],"inLanguage":"es"},{"@type":"Organization","@id":"https:\/\/www.nivianhome.com\/es\/#organization","name":"Nivian","url":"https:\/\/www.nivianhome.com\/es\/","logo":{"@type":"ImageObject","inLanguage":"es","@id":"https:\/\/www.nivianhome.com\/es\/#\/schema\/logo\/image\/","url":"https:\/\/www.nivianhome.com\/wp-content\/uploads\/2020\/08\/cropped-logo-firma.png","contentUrl":"https:\/\/www.nivianhome.com\/wp-content\/uploads\/2020\/08\/cropped-logo-firma.png","width":179,"height":59,"caption":"Nivian"},"image":{"@id":"https:\/\/www.nivianhome.com\/es\/#\/schema\/logo\/image\/"}}]}},"_links":{"self":[{"href":"https:\/\/www.nivianhome.com\/es\/wp-json\/wp\/v2\/pages\/2727","targetHints":{"allow":["GET"]}}],"collection":[{"href":"https:\/\/www.nivianhome.com\/es\/wp-json\/wp\/v2\/pages"}],"about":[{"href":"https:\/\/www.nivianhome.com\/es\/wp-json\/wp\/v2\/types\/page"}],"author":[{"embeddable":true,"href":"https:\/\/www.nivianhome.com\/es\/wp-json\/wp\/v2\/users\/1"}],"replies":[{"embeddable":true,"href":"https:\/\/www.nivianhome.com\/es\/wp-json\/wp\/v2\/comments?post=2727"}],"version-history":[{"count":31,"href":"https:\/\/www.nivianhome.com\/es\/wp-json\/wp\/v2\/pages\/2727\/revisions"}],"predecessor-version":[{"id":8903,"href":"https:\/\/www.nivianhome.com\/es\/wp-json\/wp\/v2\/pages\/2727\/revisions\/8903"}],"wp:attachment":[{"href":"https:\/\/www.nivianhome.com\/es\/wp-json\/wp\/v2\/media?parent=2727"}],"curies":[{"name":"wp","href":"https:\/\/api.w.org\/{rel}","templated":true}]}}